{"id":4103,"date":"2018-07-26T18:59:12","date_gmt":"2018-07-26T17:59:12","guid":{"rendered":"https:\/\/www.desinger.pl\/?page_id=4103"},"modified":"2018-08-06T13:53:25","modified_gmt":"2018-08-06T12:53:25","slug":"polityka-prywatnosci","status":"publish","type":"page","link":"https:\/\/www.desinger.pl\/?page_id=4103","title":{"rendered":"Polityka prywatno\u015bci"},"content":{"rendered":"<p>[vc_row full_width=&#8221;stretch_row&#8221; parallax=&#8221;content-moving-fade&#8221; overlay_pattern_opacity=&#8221;50&#8243; css=&#8221;.vc_custom_1462077005137{margin-top: -55px !important;padding-top: 300px !important;padding-bottom: 200px !important;background: #f4f4f4 url(https:\/\/www.desinger.pl\/wp-content\/uploads\/2016\/05\/IMGP7713-e1462071367714.jpg?id=3527);}&#8221; full_page_width=&#8221;&#8221;][vc_column][\/vc_column][\/vc_row][vc_row full_width=&#8221;stretch_row&#8221; overlay_pattern_opacity=&#8221;50&#8243; full_page_width=&#8221;&#8221; css=&#8221;.vc_custom_1533559999041{margin-bottom: 60px !important;padding-top: 60px !important;background-position: center !important;background-repeat: no-repeat !important;background-size: cover !important;}&#8221; bg_image_fb=&#8221;3274&#8243;][vc_column][vc_text_separator title=&#8221;Polityka prywatno\u015bci &#8221; color=&#8221;white&#8221; style=&#8221;double&#8221; el_width=&#8221;100&#8243;][vc_toggle title=&#8221;USTALENIA WST\u0118PNE&#8221; el_id=&#8221;1532623029498-7ad82651-1cf8&#8243;]<\/p>\n<ol>\n<li>Niniejszy dokument stanowi opis polityki prywatno\u015bci Desinger Krzysztof Kurdy\u0142a, z wpisem do ewidencji dzia\u0142alno\u015bci gospodarczej pod adresem: ul. Edwarda Dembowskiego 7\/27, 38-500 Sanok (NIP: 6842078046, REGON: 371007724), kt\u00f3ra zwana jest dalej \u201eDesinger Krzysztof Kurdy\u0142a\u201d. Okre\u015bla zasady, spos\u00f3b przetwarzania oraz wykorzystywania danych i informacji pochodz\u0105cych od klient\u00f3w i u\u017cytkownik\u00f3w z serwis\u00f3w internetowych Desinger Krzysztof Kurdy\u0142a, a tak\u017ce z formularzy elektronicznych, formularzy rejestracji aplikacji, zapyta\u0144, serwisu i us\u0142ug oraz kontakt\u00f3w osobistych, mailowych i telefonicznych.<\/li>\n<li>Prosimy o dok\u0142adne zapoznanie si\u0119 z tre\u015bci\u0105 polityki prywatno\u015bci. Wchodz\u0105c na t\u0119 stron\u0119 lub korzystaj\u0105c z niej i przesy\u0142aj\u0105c nam jakichkolwiek dane osobowe u\u017cytkownik akceptuje warunki niniejszej polityki prywatno\u015bci.<\/li>\n<li>Prosimy o zwr\u00f3cenie uwagi, \u017ce opuszczaj\u0105c niniejsz\u0105 stron\u0119 (np. przechodz\u0105c za pomoc\u0105 linku na stron\u0119 znajduj\u0105c\u0105 si\u0119 w innej domenie), u\u017cytkownik przechodzi w obszar, gdzie nie obowi\u0105zuje niniejsza polityka prywatno\u015bci. Desinger Krzysztof Kurdy\u0142a, nie ponosi odpowiedzialno\u015bci za zasady polityki prywatno\u015bci obowi\u0105zuj\u0105ce na stronach obs\u0142ugiwanych przez inne podmioty.<\/li>\n<\/ol>\n<p>[\/vc_toggle][vc_toggle title=&#8221;ZASADY OCHRONY DANYCH OSOBOWYCH&#8221; el_id=&#8221;1532623149836-7f4defca-d007&#8243;]<\/p>\n<ol>\n<li>Desinger Krzysztof Kurdy\u0142a, dok\u0142ada szczeg\u00f3lnej staranno\u015bci, aby wszelkie dane osobowe by\u0142y przetwarzane zgodnie z celem, dla kt\u00f3rych zosta\u0142y zebrane i wykorzystywane stosownie do zakresu udzielonych zezwole\u0144 (zg\u00f3d) oraz obszar\u00f3w przetwarzania dozwolonych prawem.<\/li>\n<li>Wszystkie dane osobowe powierzane, czy przekazywane (w tym dane zawarte w umowach, jak r\u00f3wnie\u017c inne zebrane przez Desinger Krzysztof Kurdy\u0142a, dane osobowe klient\u00f3w i u\u017cytkownik\u00f3w z serwis\u00f3w internetowych a tak\u017ce z formularzy elektronicznych, formularzy rejestracji aplikacji, zapyta\u0144, serwisu i us\u0142ug oraz kontakt\u00f3w osobistych, mailowych i telefonicznych.), przetwarzane s\u0105 w spos\u00f3b zgodny z Rozporz\u0105dzeniem Parlamentu Europejskiego i Rady (UE) 2016\/679 z dnia 27 kwietnia 2016 r. w sprawie ochrony os\u00f3b fizycznych w zwi\u0105zku z przetwarzaniem danych osobowych i w sprawie swobodnego przep\u0142ywu takich danych oraz uchylenia dyrektywy 95\/46\/WE (okre\u015blane jako \u201eRODO\u201d, \u201eORODO\u201d, \u201eGDPR\u201d lub \u201eOg\u00f3lne Rozporz\u0105dzenie o Ochronie Danych\u201d), oraz z wymogami prawa polskiego, w szczeg\u00f3lno\u015bci w zgodzie z ustaw\u0105 z dnia 29 sierpnia 1997 r. o ochronie danych osobowych (Dz. U. Nr 133, poz. 883 z p\u00f3\u017an. zm.), ustaw\u0105 z dnia 18 lipca 2002 r. o \u015bwiadczeniu us\u0142ug drog\u0105 elektroniczn\u0105 (Dz. U. Nr 144, poz. 1204) oraz ustaw\u0105 prawo telekomunikacyjne (Dz. U. z 2004 r. Nr 171 poz. 1800), w tym zgodnie z zakresem udzielonej przez klient\u00f3w i u\u017cytkownik\u00f3w zgody.<\/li>\n<\/ol>\n<p>[\/vc_toggle][vc_toggle title=&#8221;W JAKIM CELU S\u0104 WYKORZYSTYWANE INFORMACJE&#8221; el_id=&#8221;1532623209113-a7f29f26-2231&#8243;]<\/p>\n<div class=\"panel panel-default\">\n<div id=\"collapse2\" class=\"panel-collapse collapse in\" aria-expanded=\"true\">\n<div class=\"panel-body text_justify\">\n<ol>\n<li>Dane osobowe s\u0105 wykorzystywane do cel\u00f3w realizacji us\u0142ug, zam\u00f3wionych przez klient\u00f3w i u\u017cytkownik\u00f3w Desinger Krzysztof Kurdy\u0142a. Wykorzystywane s\u0105 r\u00f3wnie\u017c dla optymalizacji tych us\u0142ug.<\/li>\n<\/ol>\n<\/div>\n<\/div>\n<\/div>\n<p>[\/vc_toggle][vc_toggle title=&#8221;BEZPIECZE\u0143STWO I PRZECHOWYWANIE INFORMACJI&#8221; el_id=&#8221;1532623254331-bf4c1f82-0894&#8243;]<\/p>\n<ol>\n<li>Desinger Krzysztof Kurdy\u0142a, zapewnia bezpiecze\u0144stwo danych osobowych dzi\u0119ki odpowiednim \u015brodkom technicznym i organizacyjnym, maj\u0105cym na celu zapobie\u017cenie bezprawnemu przetwarzaniu danych oraz ich przypadkowej utracie, zniszczeniu oraz uszkodzeniu.<\/li>\n<li>Desinger Krzysztof Kurdy\u0142a, dok\u0142ada szczeg\u00f3lnej staranno\u015bci, \u017ceby informacje osobowe by\u0142y:\n<ul>\n<li>poprawne i przetwarzane w spos\u00f3b zgodny z prawem,<\/li>\n<li>uzyskane tylko dla okre\u015blonych cel\u00f3w i nie przetwarzane dalej w spos\u00f3b niezgodny z tymi celami;<\/li>\n<li>adekwatne, odpowiednie i nie nadmiarowe;<\/li>\n<li>dok\u0142adne i aktualne;<\/li>\n<li>nie przechowywane d\u0142u\u017cej ni\u017c to konieczne;<\/li>\n<li>przetwarzane zgodnie z prawami przys\u0142uguj\u0105cymi osobom (kt\u00f3rych dotycz\u0105), w tym zgodnie z prawem do zastrze\u017cenia udost\u0119pniania;<\/li>\n<li>bezpiecznie przechowywane;<\/li>\n<li>nie transferowane bez odpowiedniej ochrony do kraj\u00f3w poza Europejski Obszar Gospodarczy.<\/li>\n<\/ul>\n<\/li>\n<\/ol>\n<p>[\/vc_toggle][vc_toggle title=&#8221;POZYSKIWANIE DANYCH&#8221; el_id=&#8221;1532623306516-0fa609e1-9a4a&#8221;]<\/p>\n<ol>\n<li>Gromadz\u0105c jakiekolwiek dane osobowe Desinger Krzysztof Kurdy\u0142a, zapisuje sk\u0105d po raz pierwszy zosta\u0142y one pozyskane.<\/li>\n<li>Dane osobowe s\u0105 pozyskiwane poprzez:\n<ul>\n<li>formularze wype\u0142niane online &#8211; informacje gromadzone s\u0105 dzi\u0119ki formularzom dost\u0119pnym na naszej stronie, s\u0142u\u017c\u0105cym do cel\u00f3w kontaktowych, zg\u0142oszenia pyta\u0144, z\u0142o\u017cenia aplikacji oraz wyra\u017cenia uwag;<\/li>\n<li>formularze wype\u0142niane w aplikacjach desktop, mobile i us\u0142ugach sieciowych oferowanych przez Desinger Krzysztof Kurdy\u0142a<\/li>\n<li>kontakt bez po\u015brednictwa sieci &#8211; na stronie internetowej znajduj\u0105 si\u0119 r\u00f3\u017cne numery telefon\u00f3w i faks\u00f3w oraz adresy email, pod kt\u00f3rymi mo\u017cna si\u0119 z nami kontaktowa\u0107;<\/li>\n<li>dane o ruchu oraz statystyki dotycz\u0105ce cz\u0119sto\u015bci odwiedzin na stronie &#8211; prowadzony jest rejestr informacji na temat danych o ruchu, kt\u00f3re s\u0105 automatycznie rejestrowane przez nasz serwer, w postaci log\u00f3w, takich jak adres IP u\u017cytkownika, URL odwiedzane przed wizyt\u0105 na naszej stronie, URL odwiedzane po wizycie na naszej stronie oraz odwiedzane strony serwera. Gromadzone s\u0105 r\u00f3wnie\u017c statystyki na temat ilo\u015bci wej\u015b\u0107 na stron\u0119 oraz ods\u0142on strony. Desinger Krzysztof Kurdy\u0142a, nie jest w stanie bezpo\u015brednio okre\u015bli\u0107 to\u017csamo\u015bci u\u017cytkownika na podstawie danych o ruchu oraz statystyk dotycz\u0105cych korzystania ze strony.<\/li>\n<li>podczas korzystania z zasob\u00f3w strony macierzystej,\u00a0<a href=\"https:\/\/www.desinger.pl\">www.desinger.pl,<\/a>\u00a0\u00a0gromadzone s\u0105 informacje o u\u017cytkownikach za po\u015brednictwem plik\u00f3w takich jak &#8220;cookies&#8221; lub &#8220;web beacons&#8221;.<\/li>\n<\/ul>\n<\/li>\n<\/ol>\n<p>Cookies\u00a0&#8211; ma\u0142e pliki tekstowe przenoszone ze strony internetowej i przechowywane na twardym dysku komputera u\u017cytkownika u\u017cywane dla dostosowania tre\u015bci i us\u0142ug do indywidualnych potrzeb oraz zainteresowa\u0144 u\u017cytkownik\u00f3w strony\u00a0<a href=\"https:\/\/www.desinger.pl\">www.desinger.pl<\/a>.\u00a0 Pozwalaj\u0105 one stronie &#8220;zapami\u0119ta\u0107&#8221;, kim jeste\u015b. U\u017cytkownik mo\u017ce w ka\u017cdej chwili wy\u0142\u0105czy\u0107 w swojej przegl\u0105darce opcj\u0119 przyjmowania cookies. Po zako\u0144czeniu sesji np. w momencie przej\u015bcia do innej witryny internetowej zapisane informacje zostaj\u0105 usuni\u0119te. Klienci i u\u017cytkownicy mog\u0105 dokona\u0107 w ka\u017cdym czasie zmiany ustawie\u0144 dotycz\u0105cych plik\u00f3w cookies. Szczeg\u00f3\u0142owe informacje o mo\u017cliwo\u015bci i sposobach obs\u0142ugi plik\u00f3w cookies dost\u0119pne s\u0105 w ustawieniach oprogramowania (przegl\u0105darki internetowej). Przyk\u0142adowe opcje edytowania w popularnych przegl\u0105darkach:<\/p>\n<ol>\n<li>Mozilla Firefox:\u00a0<a href=\"http:\/\/www.support.mozilla.org\/pl\/kb\/ciasteczka\">www.support.mozilla.org\/pl\/kb\/ciasteczka<\/a><\/li>\n<li>Internet Explorer:\u00a0<a href=\"http:\/\/www.support.microsoft.com\/kb\/278835\/pl\">www.support.microsoft.com\/kb\/278835\/pl<\/a><\/li>\n<li>Google Chrome:\u00a0<a href=\"http:\/\/www.support.google.com\/chrome\/bin\/answer.py?hl=pl&amp;answer=95647\">www.support.google.com\/chrome\/bin\/answer.py?hl=pl&amp;answer=95647<\/a><\/li>\n<li>Safari:\u00a0<a href=\"http:\/\/www.safari.helpmax.net\/pl\/oszczedzanie-czasu\/blokowanie-zawartosci\/\">www.safari.helpmax.net\/pl\/oszczedzanie-czasu\/blokowanie-zawartosci\/<\/a><\/li>\n<\/ol>\n<p>Web beacons\u00a0&#8211; elektroniczne elementy graficzne (zwane r\u00f3wnie\u017c web bugs, clear gifs albo trackers), kt\u00f3re umo\u017cliwiaj\u0105 okre\u015blenie liczby u\u017cytkownik\u00f3w, kt\u00f3rzy odwiedzili te strony, dzi\u0119ki klikni\u0119ciu na og\u0142oszenie dotycz\u0105ce naszych produkt\u00f3w i us\u0142ug ze strony innej firmy. Web beacons gromadz\u0105 informacje w ograniczonym zakresie, nale\u017cy do nich numer cookie, czas i data otworzenia strony oraz opis strony, na kt\u00f3rej znajduje si\u0119 web beacon. W zwi\u0105zku z tym \u017ce, web beacons s\u0105 stosowane w po\u0142\u0105czeniu z cookies, mo\u017cna je dezaktywowa\u0107 poprzez wy\u0142\u0105czenie cookies lub zmian\u0119 ustawie\u0144 cookies w przegl\u0105darce.[\/vc_toggle][vc_toggle title=&#8221;PRAWA I OBOWI\u0104ZKI KLIENTA I U\u017bYTKOWNIKA&#8221; el_id=&#8221;1532623404141-f869d82b-62bd&#8221;]<\/p>\n<ol>\n<li>Desinger Krzysztof Kurdy\u0142a, respektuje przys\u0142uguj\u0105ce ka\u017cdej osobie prawo do kontroli przetwarzania danych, kt\u00f3re je dotycz\u0105, zawartych w zbiorach danych, a zw\u0142aszcza prawo do uzyskania informacji dotycz\u0105cej przetwarzania danych osobowych dotycz\u0105cych klienta i u\u017cytkownika.<\/li>\n<li>Ka\u017cdy klient i u\u017cytkownik, kt\u00f3ry udost\u0119pni\u0142 swoje dane osobowe ma mo\u017cliwo\u015b\u0107:\n<ul>\n<li>poprawiania swoich danych,<\/li>\n<li>usuwania swoich danych, przy czym \u017c\u0105danie usuni\u0119cia wi\u0105\u017ce si\u0119 z utrat\u0105 praw do korzystania z us\u0142ug i serwisu Desinger Krzysztof Kurdy\u0142a<\/li>\n<li>przenoszenia swoich danych,<\/li>\n<li>wniesienia sprzeciwu do przetwarzania swoich danych, w ka\u017cdym czasie, jednak pozostaje bez wp\u0142ywu na zgodno\u015b\u0107 z prawem przetwarzania, kt\u00f3rego dokonano na podstawie zgody przed jej cofni\u0119ciem,<\/li>\n<li>wniesienia skargi do jednostki nadzoru, gdy uzna, \u017ce przetwarzanie danych osobowych dotycz\u0105cych Uczestnika biegu, narusza przepisy rozporz\u0105dzenia o ochronie danych osobowych nr 2016\/679 z dnia 27 kwietnia 2016 r.<\/li>\n<\/ul>\n<\/li>\n<li>W razie wniesienia przez klienta i u\u017cytkownika sprzeciwu wobec dalszego przetwarzania lub wobec przekazywania danych osobowych innemu administratorowi danych, kt\u00f3re jest niezb\u0119dne do wype\u0142nienia prawnie usprawiedliwionych cel\u00f3w Desinger Krzysztof Kurdy\u0142a sprzeciw jest uwzgl\u0119dniany. Desinger Krzysztof Kurdy\u0142a mo\u017ce jednak pozostawi\u0107 w zbiorze imi\u0119 lub imiona i nazwisko osoby oraz adres wy\u0142\u0105cznie w celu unikni\u0119cia ponownego wykorzystania danych tej osoby w celach obj\u0119tych sprzeciwem.<\/li>\n<li>Ka\u017cdy klient i u\u017cytkownik wyra\u017ca zgod\u0119 na komunikacj\u0119 elektroniczn\u0105, zgodnie z ustaw\u0105 o \u015bwiadczeniu us\u0142ug drog\u0105 elektroniczn\u0105 z 18 lipca 2002 r. na wskazany przez siebie w trakcie kontaktu\/zapytania\/rejestracji, adres poczty elektronicznej dotycz\u0105c\u0105:\n<ul>\n<li>informacji wynikaj\u0105cych z procesu kontaktu\/zapytania\/rejestracji<\/li>\n<li>produktach i us\u0142ugach oferowanych klientom i u\u017cytkownikom Desinger Krzysztof Kurdy\u0142a<\/li>\n<\/ul>\n<\/li>\n<li>Za w\/w zgody na przetwarzanie i przesy\u0142anie, uwa\u017ca si\u0119 zaznaczenie odpowiednich p\u00f3l, w trakcie kontaktu\/zapytania\/rejestracji, za po\u015brednictwem serwis\u00f3w internetowych Desinger Krzysztof Kurdy\u0142a,\u00a0 a tak\u017ce z formularzy elektronicznych, zapyta\u0144, serwisu i us\u0142ug. W\/w zgoda \u00a0nast\u0119puje r\u00f3wnie\u017c w przypadku potwierdzenia przez\u00a0klienta i u\u017cytkownika\u00a0w kontaktach osobistych, mailowych i telefonicznych.<\/li>\n<\/ol>\n<p>[\/vc_toggle][vc_toggle title=&#8221;ZAKRES UDOST\u0118PNIANIA DANYCH O KLIENTACH I U\u017bYTKOWNIKACH:&#8221; el_id=&#8221;1532623460269-98eb0068-c3df&#8221;]Desinger Krzysztof Kurdy\u0142a, o\u015bwiadcza, \u017ce nie sprzedaje i nie u\u017cycza zgromadzonych do przetwarzania danych osobowych klient i u\u017cytkownik innym \u00a0podmiotom, chyba, \u017ce dzieje si\u0119 to za wyra\u017an\u0105 zgod\u0105 lub na \u017cyczenie klienta i u\u017cytkownika, albo te\u017c na \u017c\u0105danie uprawnionych, na podstawie ustawy, organ\u00f3w pa\u0144stwa na potrzeby prowadzonych przez nie post\u0119powa\u0144 lub dzia\u0142a\u0144 zwi\u0105zanych z bezpiecze\u0144stwem lub obronno\u015bci\u0105, dla okre\u015blonych prawem zada\u0144 realizowanych dla dobra publicznego, gdy jest to niezb\u0119dne do wype\u0142nienia prawnie usprawiedliwionych cel\u00f3w Desinger Krzysztof Kurdy\u0142a potwierdzonych umowami z:<\/p>\n<ol>\n<li>FIRMA ELEKTROPOMIAR\u00a0Magdalena Gierczak,\u00a037-500 Jaros\u0142aw,\u00a0ul.Szczytnia\u0144ska 3<\/li>\n<\/ol>\n<p>[\/vc_toggle][vc_toggle title=&#8221;ZMIANY DOTYCZ\u0104CE POLITYKI PRYWATNO\u015aCI:&#8221; el_id=&#8221;1532623527996-9a35bfed-d4ef&#8221;]Na zmiany w polityce ochrony prywatno\u015bci Desinger Krzysztof Kurdy\u0142a mog\u0105 mie\u0107 wp\u0142yw zmiany w sferze ustawodawczej w zakresie ochrony danych osobowych, a tak\u017ce inne czynniki. O wszelkich zmianach klienci i u\u017cytkownicy zostan\u0105 bezzw\u0142ocznie poinformowani na stronach www przypadku zmiany obowi\u0105zuj\u0105cej polityki prywatno\u015bci wprowadzone zostan\u0105 odpowiednie modyfikacje do powy\u017cszego zapisu.[\/vc_toggle][vc_separator color=&#8221;white&#8221; style=&#8221;double&#8221; el_width=&#8221;100&#8243;][vc_row_inner][vc_column_inner width=&#8221;1\/4&#8243;][vc_custom_heading text=&#8221;ADRES&#8221; font_container=&#8221;tag:h4|text_align:left&#8221; google_fonts=&#8221;font_family:Open%20Sans%3A300%2C300italic%2Cregular%2Citalic%2C600%2C600italic%2C700%2C700italic%2C800%2C800italic|font_style:700%20bold%20regular%3A700%3Anormal&#8221;][vc_custom_heading text=&#8221;_&#8221; font_container=&#8221;tag:h2|font_size:80px|text_align:left|color:%231a3147&#8243; google_fonts=&#8221;font_family:Open%20Sans%3A300%2C300italic%2Cregular%2Citalic%2C600%2C600italic%2C700%2C700italic%2C800%2C800italic|font_style:800%20bold%20regular%3A800%3Anormal&#8221; css=&#8221;.vc_custom_1424695872499{margin-top: -100px !important;}&#8221;][vc_column_text css=&#8221;.vc_custom_1463499048948{margin-top: -50px !important;}&#8221;]38-500 Sanok<br \/>\nul. E. Dembowskiego 7\/27<br \/>\nNIP 6842078046[\/vc_column_text][\/vc_column_inner][vc_column_inner width=&#8221;1\/4&#8243;][vc_custom_heading text=&#8221;TELEFON&#8221; font_container=&#8221;tag:h4|text_align:left&#8221; google_fonts=&#8221;font_family:Open%20Sans%3A300%2C300italic%2Cregular%2Citalic%2C600%2C600italic%2C700%2C700italic%2C800%2C800italic|font_style:700%20bold%20regular%3A700%3Anormal&#8221;][vc_custom_heading text=&#8221;_&#8221; font_container=&#8221;tag:h2|font_size:80px|text_align:left|color:%231a3147&#8243; google_fonts=&#8221;font_family:Open%20Sans%3A300%2C300italic%2Cregular%2Citalic%2C600%2C600italic%2C700%2C700italic%2C800%2C800italic|font_style:800%20bold%20regular%3A800%3Anormal&#8221; css=&#8221;.vc_custom_1424695890336{margin-top: -100px !important;}&#8221;][vc_column_text css=&#8221;.vc_custom_1462092943437{margin-top: -50px !important;}&#8221;]+48 509 117 436[\/vc_column_text][\/vc_column_inner][vc_column_inner width=&#8221;1\/4&#8243;][vc_custom_heading text=&#8221;EMAIL&#8221; font_container=&#8221;tag:h4|text_align:left&#8221; google_fonts=&#8221;font_family:Open%20Sans%3A300%2C300italic%2Cregular%2Citalic%2C600%2C600italic%2C700%2C700italic%2C800%2C800italic|font_style:700%20bold%20regular%3A700%3Anormal&#8221;][vc_custom_heading text=&#8221;_&#8221; font_container=&#8221;tag:h2|font_size:80px|text_align:left|color:%231a3147&#8243; google_fonts=&#8221;font_family:Open%20Sans%3A300%2C300italic%2Cregular%2Citalic%2C600%2C600italic%2C700%2C700italic%2C800%2C800italic|font_style:800%20bold%20regular%3A800%3Anormal&#8221; css=&#8221;.vc_custom_1424695903336{margin-top: -100px !important;}&#8221;][vc_column_text css=&#8221;.vc_custom_1464553856859{margin-top: -50px !important;}&#8221;]<span style=\"color: #000000;\"><a style=\"color: #000000;\" href=\"mailto:laboratorium@desinger.pl\">laboratorium@desinger.pl<\/a><\/span>[\/vc_column_text][\/vc_column_inner][vc_column_inner width=&#8221;1\/4&#8243;][\/vc_column_inner][\/vc_row_inner][vc_row_inner][vc_column_inner css=&#8221;.vc_custom_1462242122746{margin-top: -100px !important;}&#8221;][vc_custom_heading text=&#8221;_&#8221; font_container=&#8221;tag:h2|font_size:80px|text_align:right|color:%231a3147&#8243; google_fonts=&#8221;font_family:Open%20Sans%3A300%2C300italic%2Cregular%2Citalic%2C600%2C600italic%2C700%2C700italic%2C800%2C800italic|font_style:800%20bold%20regular%3A800%3Anormal&#8221;][vc_custom_heading text=&#8221;Laboratorium wzorcowania<br \/>\nprzyrz\u0105d\u00f3w pomiarowych&#8221; font_container=&#8221;tag:h4|text_align:right|color:%233a3a3a&#8221; google_fonts=&#8221;font_family:Open%20Sans%3A300%2C300italic%2Cregular%2Citalic%2C600%2C600italic%2C700%2C700italic%2C800%2C800italic|font_style:400%20regular%3A400%3Anormal&#8221; css=&#8221;.vc_custom_1462241835553{margin-top: -50px !important;}&#8221;][vc_custom_heading text=&#8221;Podkarpacie, Sanok&#8221; font_container=&#8221;tag:h3|font_size:28px|text_align:right|color:%233a3a3a&#8221; google_fonts=&#8221;font_family:Open%20Sans%3A300%2C300italic%2Cregular%2Citalic%2C600%2C600italic%2C700%2C700italic%2C800%2C800italic|font_style:700%20bold%20regular%3A700%3Anormal&#8221; css=&#8221;.vc_custom_1462241898530{margin-top: -30px !important;}&#8221;][vc_custom_heading text=&#8221;Zapraszamy z okolic Sanoka<br \/>\ndo osobistego dostarczenia przyrz\u0105d\u00f3w<br \/>\n&#8221; font_container=&#8221;tag:h5|text_align:right|color:%233a3a3a&#8221; google_fonts=&#8221;font_family:Open%20Sans%3A300%2C300italic%2Cregular%2Citalic%2C600%2C600italic%2C700%2C700italic%2C800%2C800italic|font_style:400%20regular%3A400%3Anormal&#8221; css=&#8221;.vc_custom_1462241857036{margin-top: -20px !important;}&#8221;][\/vc_column_inner][\/vc_row_inner][\/vc_column][\/vc_row]<\/p>\n","protected":false},"excerpt":{"rendered":"<p>[vc_row full_width=&#8221;stretch_row&#8221; parallax=&#8221;content-moving-fade&#8221; overlay_pattern_opacity=&#8221;50&#8243; css=&#8221;.vc_custom_1462077005137{margin-top: -55px !important;padding-top: 300px !important;padding-bottom: 200px !important;background: #f4f4f4 url(https:\/\/www.desinger.pl\/wp-content\/uploads\/2016\/05\/IMGP7713-e1462071367714.jpg?id=3527);}&#8221; full_page_width=&#8221;&#8221;][vc_column][\/vc_column][\/vc_row][vc_row full_width=&#8221;stretch_row&#8221; overlay_pattern_opacity=&#8221;50&#8243; full_page_width=&#8221;&#8221; css=&#8221;.vc_custom_1533559999041{margin-bottom: 60px !important;padding-top: 60px !important;background-position: center !important;background-repeat: no-repeat !important;background-size: cover !important;}&#8221; bg_image_fb=&#8221;3274&#8243;][vc_column][vc_text_separator title=&#8221;Polityka prywatno\u015bci &#8221; color=&#8221;white&#8221; style=&#8221;double&#8221; el_width=&#8221;100&#8243;][vc_toggle title=&#8221;USTALENIA WST\u0118PNE&#8221; el_id=&#8221;1532623029498-7ad82651-1cf8&#8243;] Niniejszy dokument stanowi opis polityki prywatno\u015bci Desinger Krzysztof Kurdy\u0142a, z wpisem do&#8230;<\/p>\n","protected":false},"author":1,"featured_media":0,"parent":0,"menu_order":0,"comment_status":"closed","ping_status":"closed","template":"template-fullwidth.php","meta":{"_acf_changed":false,"footnotes":""},"acf":[],"_links":{"self":[{"href":"https:\/\/www.desinger.pl\/index.php?rest_route=\/wp\/v2\/pages\/4103"}],"collection":[{"href":"https:\/\/www.desinger.pl\/index.php?rest_route=\/wp\/v2\/pages"}],"about":[{"href":"https:\/\/www.desinger.pl\/index.php?rest_route=\/wp\/v2\/types\/page"}],"author":[{"embeddable":true,"href":"https:\/\/www.desinger.pl\/index.php?rest_route=\/wp\/v2\/users\/1"}],"replies":[{"embeddable":true,"href":"https:\/\/www.desinger.pl\/index.php?rest_route=%2Fwp%2Fv2%2Fcomments&post=4103"}],"version-history":[{"count":26,"href":"https:\/\/www.desinger.pl\/index.php?rest_route=\/wp\/v2\/pages\/4103\/revisions"}],"predecessor-version":[{"id":4144,"href":"https:\/\/www.desinger.pl\/index.php?rest_route=\/wp\/v2\/pages\/4103\/revisions\/4144"}],"wp:attachment":[{"href":"https:\/\/www.desinger.pl\/index.php?rest_route=%2Fwp%2Fv2%2Fmedia&parent=4103"}],"curies":[{"name":"wp","href":"https:\/\/api.w.org\/{rel}","templated":true}]}}