{"id":3953,"date":"2016-10-12T04:29:14","date_gmt":"2016-10-12T03:29:14","guid":{"rendered":"https:\/\/www.desinger.pl\/?page_id=3953"},"modified":"2018-08-06T13:54:35","modified_gmt":"2018-08-06T12:54:35","slug":"wspolpraca","status":"publish","type":"page","link":"https:\/\/www.desinger.pl\/?page_id=3953","title":{"rendered":"Wsp\u00f3\u0142praca"},"content":{"rendered":"<p>[vc_row full_width=&#8221;stretch_row&#8221; parallax=&#8221;content-moving-fade&#8221; overlay_pattern_opacity=&#8221;50&#8243; css=&#8221;.vc_custom_1476246722300{margin-top: -55px !important;padding-top: 300px !important;padding-bottom: 200px !important;background: #f4f4f4 url(https:\/\/www.desinger.pl\/wp-content\/uploads\/2016\/05\/IMGP7713-e1462071367714.jpg?id=3527);}&#8221; full_page_width=&#8221;&#8221;][vc_column][\/vc_column][\/vc_row][vc_row full_width=&#8221;stretch_row&#8221; overlay_pattern_opacity=&#8221;50&#8243; full_page_width=&#8221;&#8221; css=&#8221;.vc_custom_1533560057588{margin-top: -24px !important;margin-bottom: 0px !important;padding-top: 20px !important;background-position: center !important;background-repeat: no-repeat !important;background-size: cover !important;}&#8221; bg_image_fb=&#8221;3274&#8243;][vc_column][vc_column_text]<\/p>\n<h4>Wsp\u00f3\u0142praca partnerska<\/h4>\n<p>[\/vc_column_text][vc_separator color=&#8221;white&#8221; el_width=&#8221;100&#8243;][vc_single_image image=&#8221;3946&#8243; img_size=&#8221;full&#8221; onclick=&#8221;custom_link&#8221; img_link_target=&#8221;_blank&#8221; css_animation=&#8221;left-to-right&#8221; link=&#8221;http:\/\/www.elektropomiar1.pl\/&#8221;][vc_column_text css_animation=&#8221;appear&#8221;]<\/p>\n<div class=\"entry\">\n<div>\n<p style=\"text-align: justify;\">Firma \u201e<b>ELEKTROPOMIAR<\/b>\u201d powsta\u0142a w 1982 r. i jest najwi\u0119ksz\u0105 hurtowni\u0105 elektryczn\u0105 w by\u0142ym woj. przemyskim. Jest to firma prywatna zarz\u0105dzana przez jednego w\u0142a\u015bciciela. Siedziba firmy mie\u015bci si\u0119 w Jaros\u0142awiu, opr\u00f3cz tego w Rzeszowie, Jaros\u0142awiu i Krakowie znajduj\u0105 si\u0119 oddzia\u0142y firmy.<\/p>\n<p style=\"text-align: justify;\">Firma rozpocz\u0119\u0142a swoj\u0105 dzia\u0142alno\u015b\u0107 od us\u0142ug tj. wykonywanie instalacji odgromowych, instalacji domowych oraz badanie sprz\u0119tu dielektrycznego. Dzia\u0142alno\u015b\u0107 ta do dzisiaj jest prowadzona tyle, \u017ce w oparciu o <b>wi\u0119ksze do\u015bwiadczenia, lepszy sprz\u0119t<\/b> i co za tym idzie <b>znakomit\u0105 jako\u015b\u0107 us\u0142ug<\/b>.<br \/>\nDzi\u0119ki wykorzystaniu przemian, jakie dokona\u0142y si\u0119 w Polsce we wczesnych latach dziewi\u0119\u0107dziesi\u0105tych, rozpocz\u0119cie dzia\u0142alno\u015bci jako hurtowni w tamtym okresie, umo\u017cliwi\u0142o firmie zdobycie lokalnego rynku, a w ci\u0105gu nast\u0119pnych lat, <b>zwi\u0119kszenie liczby klient\u00f3w<\/b>, podbijaj\u0105c r\u00f3\u017cne kierunki regionu po\u0142udniowo-wschodniej Polski.<\/p>\n<p style=\"text-align: justify;\">Dzia\u0142anie firmy oparte jest na <b>wysoko rozwini\u0119tym marketingu<\/b> oraz w\u0142a\u015bciwym traktowaniu Klienta. <b>Szybka i profesjonalna obs\u0142uga<\/b>, a tak\u017ce fachowa porada wp\u0142ywa na doskona\u0142\u0105 kondycj\u0119 firmy oraz w pe\u0142ni zadowala Klient\u00f3w.<br \/>\nUs\u0142ugi jakie \u015bwiadczy firma s\u0105 prowadzone <b>profesjonalnie<\/b> maj\u0105c na uwadze <b>niskie koszty wykonania<\/b>.<\/p>\n<p style=\"text-align: justify;\">Od 2004 roku firma zwi\u0119kszy\u0142a sw\u00f3j zakres us\u0142ug o us\u0142ugi sprz\u0119tem budowlanym i specjalistycznym tj.: koparko-\u0142adowarkami oraz samochodami specjalistycznymi \u2013 podno\u015bniki koszowe (zwy\u017cki) do 32 m. wysoko\u015bci.<\/p>\n<p style=\"text-align: justify;\">Na pocz\u0105tku 2006 roku zosta\u0142 zakupiony najnowocze\u015bniejszy na Podkarpaciu sprz\u0119t do obs\u0142ugi laboratorium wysokich napi\u0119\u0107. Dzi\u0119ki niemu mo\u017cliwe jest profesjonalne badanie sprz\u0119tu dielektrycznego.<\/p>\n<p style=\"text-align: justify;\">Celem ka\u017cdej firmy jest pozyskiwanie i troska o Klienta. Firma stosuje sprzeda\u017c got\u00f3wkow\u0105, kredytow\u0105 i\u00a0rataln\u0105 pozwalaj\u0105c na zakup potrzebnych towar\u00f3w, ludziom maj\u0105cym trudno\u015bci finansowe.<\/p>\n<p style=\"text-align: justify;\">Towary specjalistyczne s\u0105 sprowadzane <b>na zam\u00f3wienie<\/b> Klient\u00f3w.<\/p>\n<p style=\"text-align: justify;\"><b>Profesjonalizm<\/b> naszych dzia\u0142a\u0144 oraz <b>do\u015bwiadczenie<\/b> w r\u00f3\u017cnorodnych bran\u017cach potwierdza trafno\u015b\u0107 wyboru i\u00a0<b>wysok\u0105 pozycj\u0119<\/b> naszej firmy na rynku.<\/p>\n<p><b>AKREDYTOWANE LABORATORIUM WYSOKICH NAPI\u0118\u0106 <\/b><\/p>\n<ul>\n<li>Jaros\u0142aw, ul. Szczytnia\u0144ska 3\u00a0\u00a0\u00a0\u00a0 \u00a0\u00a0 Tel. 604 579 641<\/li>\n<li>Krak\u00f3w, ul. Mierzeja Wi\u015blana 6 \u00a0\u00a0 Tel. 790 227 242<\/li>\n<\/ul>\n<\/div>\n<\/div>\n<p>[\/vc_column_text][\/vc_column][\/vc_row][vc_row full_width=&#8221;stretch_row&#8221; overlay_pattern_opacity=&#8221;50&#8243; css_animation=&#8221;appear&#8221; css=&#8221;.vc_custom_1533560065150{margin-top: 0px !important;margin-bottom: -20px !important;padding-top: 40px !important;padding-bottom: 60px !important;background-position: center !important;background-repeat: no-repeat !important;background-size: cover !important;}&#8221; full_page_width=&#8221;&#8221; bg_image_repeat_fb=&#8221;cover&#8221; bg_image_fb=&#8221;3343&#8243;][vc_column][vc_text_separator title=&#8221;Kontakt&#8221; title_align=&#8221;separator_align_left&#8221; color=&#8221;white&#8221; el_width=&#8221;100&#8243;][vc_row_inner][vc_column_inner width=&#8221;1\/4&#8243;][vc_custom_heading text=&#8221;SIEDZIBA G\u0141\u00d3WNA&#8221; font_container=&#8221;tag:h4|text_align:left&#8221; google_fonts=&#8221;font_family:Open%20Sans%3A300%2C300italic%2Cregular%2Citalic%2C600%2C600italic%2C700%2C700italic%2C800%2C800italic|font_style:700%20bold%20regular%3A700%3Anormal&#8221;][vc_custom_heading text=&#8221;_&#8221; font_container=&#8221;tag:h2|font_size:80px|text_align:left|color:%231a3147&#8243; google_fonts=&#8221;font_family:Open%20Sans%3A300%2C300italic%2Cregular%2Citalic%2C600%2C600italic%2C700%2C700italic%2C800%2C800italic|font_style:800%20bold%20regular%3A800%3Anormal&#8221; css=&#8221;.vc_custom_1424695872499{margin-top: -100px !important;}&#8221;][vc_column_text css=&#8221;.vc_custom_1532626433230{margin-top: -50px !important;}&#8221;]FIRMA ELEKTROPOMIAR<br \/>\nMagdalena Gierczak<br \/>\n37-500 Jaros\u0142aw<br \/>\nul.Szczytnia\u0144ska 3<br \/>\nNIP: 792-000-64-53<br \/>\nREGON: 650056833[\/vc_column_text][\/vc_column_inner][vc_column_inner width=&#8221;1\/4&#8243;][vc_custom_heading text=&#8221;TELEFON&#8221; font_container=&#8221;tag:h4|text_align:left&#8221; google_fonts=&#8221;font_family:Open%20Sans%3A300%2C300italic%2Cregular%2Citalic%2C600%2C600italic%2C700%2C700italic%2C800%2C800italic|font_style:700%20bold%20regular%3A700%3Anormal&#8221;][vc_custom_heading text=&#8221;_&#8221; font_container=&#8221;tag:h2|font_size:80px|text_align:left|color:%231a3147&#8243; google_fonts=&#8221;font_family:Open%20Sans%3A300%2C300italic%2Cregular%2Citalic%2C600%2C600italic%2C700%2C700italic%2C800%2C800italic|font_style:800%20bold%20regular%3A800%3Anormal&#8221; css=&#8221;.vc_custom_1424695890336{margin-top: -100px !important;}&#8221;][vc_column_text css=&#8221;.vc_custom_1476395176546{margin-top: -50px !important;}&#8221;]Tel.\/fax. (+48) 16 621 43 65<br \/>\nTel. kom. (+48) 604-579-641[\/vc_column_text][\/vc_column_inner][vc_column_inner width=&#8221;1\/4&#8243;][vc_custom_heading text=&#8221;EMAIL&#8221; font_container=&#8221;tag:h4|text_align:left&#8221; google_fonts=&#8221;font_family:Open%20Sans%3A300%2C300italic%2Cregular%2Citalic%2C600%2C600italic%2C700%2C700italic%2C800%2C800italic|font_style:700%20bold%20regular%3A700%3Anormal&#8221;][vc_custom_heading text=&#8221;_&#8221; font_container=&#8221;tag:h2|font_size:80px|text_align:left|color:%231a3147&#8243; google_fonts=&#8221;font_family:Open%20Sans%3A300%2C300italic%2Cregular%2Citalic%2C600%2C600italic%2C700%2C700italic%2C800%2C800italic|font_style:800%20bold%20regular%3A800%3Anormal&#8221; css=&#8221;.vc_custom_1424695903336{margin-top: -100px !important;}&#8221;][vc_column_text css=&#8221;.vc_custom_1476395286257{margin-top: -50px !important;}&#8221;]<span style=\"color: #000000;\"><a style=\"color: #000000;\" href=\"mailto:elektropomiar10@op.pl\"> elektropomiar10@op.pl<\/a><\/span>[\/vc_column_text][\/vc_column_inner][vc_column_inner width=&#8221;1\/4&#8243;][\/vc_column_inner][\/vc_row_inner][\/vc_column][\/vc_row][vc_row full_width=&#8221;stretch_row&#8221; css=&#8221;.vc_custom_1533560073095{margin-top: -24px !important;margin-bottom: -15px !important;}&#8221;][vc_column][vc_text_separator title=&#8221;Laboratorium&#8221; title_align=&#8221;separator_align_left&#8221; color=&#8221;white&#8221; el_width=&#8221;100&#8243;]<div class=\"mpcth-waypoint mpcth-items-slider-wrap mpcth-simple-arrows\"><div class=\"mpcth-items-slider-container-wrap\"><div class=\"mpcth-items-slider-container\"><div class=\"mpc-vc-images-slider mpcth-items-slider\" data-max-width=\"260\" data-loop=\"1\" data-single=\"1\"><div class=\"mpcth-slide\"><img decoding=\"async\" src=\"https:\/\/www.desinger.pl\/wp-content\/uploads\/2016\/10\/dielektryka16q.jpg\"><\/div><div class=\"mpcth-slide\"><img decoding=\"async\" src=\"https:\/\/www.desinger.pl\/wp-content\/uploads\/2016\/10\/dielektryka15q.jpg\"><\/div><div class=\"mpcth-slide\"><img decoding=\"async\" src=\"https:\/\/www.desinger.pl\/wp-content\/uploads\/2016\/10\/dielektryka14q.jpg\"><\/div><div class=\"mpcth-slide\"><img decoding=\"async\" src=\"https:\/\/www.desinger.pl\/wp-content\/uploads\/2016\/10\/dielektryka13q.jpg\"><\/div><div class=\"mpcth-slide\"><img decoding=\"async\" src=\"https:\/\/www.desinger.pl\/wp-content\/uploads\/2016\/10\/dielektryka12q.jpg\"><\/div><div class=\"mpcth-slide\"><img decoding=\"async\" src=\"https:\/\/www.desinger.pl\/wp-content\/uploads\/2016\/10\/dielektryka11q.jpg\"><\/div><div class=\"mpcth-slide\"><img decoding=\"async\" src=\"https:\/\/www.desinger.pl\/wp-content\/uploads\/2016\/10\/dielektryka10q.jpg\"><\/div><div class=\"mpcth-slide\"><img decoding=\"async\" src=\"https:\/\/www.desinger.pl\/wp-content\/uploads\/2016\/10\/dielektryka09q.jpg\"><\/div><div class=\"mpcth-slide\"><img decoding=\"async\" src=\"https:\/\/www.desinger.pl\/wp-content\/uploads\/2016\/10\/dielektryka07q.jpg\"><\/div><div class=\"mpcth-slide\"><img decoding=\"async\" src=\"https:\/\/www.desinger.pl\/wp-content\/uploads\/2016\/10\/dielektryka06q.jpg\"><\/div><div class=\"mpcth-slide\"><img decoding=\"async\" src=\"https:\/\/www.desinger.pl\/wp-content\/uploads\/2016\/10\/dielektryka05q.jpg\"><\/div><\/div><\/div><\/div><a href=\"#\" class=\"mpcth-items-slider-next mpcth-color-main-color\"><i class=\"fa fa-angle-right\"><\/i><\/a><a href=\"#\" class=\"mpcth-items-slider-prev mpcth-color-main-color\"><i class=\"fa fa-angle-left\"><\/i><\/a><\/div>[\/vc_column][\/vc_row]<\/p>\n","protected":false},"excerpt":{"rendered":"<p>[vc_row full_width=&#8221;stretch_row&#8221; parallax=&#8221;content-moving-fade&#8221; overlay_pattern_opacity=&#8221;50&#8243; css=&#8221;.vc_custom_1476246722300{margin-top: -55px !important;padding-top: 300px !important;padding-bottom: 200px !important;background: #f4f4f4 url(https:\/\/www.desinger.pl\/wp-content\/uploads\/2016\/05\/IMGP7713-e1462071367714.jpg?id=3527);}&#8221; full_page_width=&#8221;&#8221;][vc_column][\/vc_column][\/vc_row][vc_row full_width=&#8221;stretch_row&#8221; overlay_pattern_opacity=&#8221;50&#8243; full_page_width=&#8221;&#8221; css=&#8221;.vc_custom_1533560057588{margin-top: -24px !important;margin-bottom: 0px !important;padding-top: 20px !important;background-position: center !important;background-repeat: no-repeat !important;background-size: cover !important;}&#8221; bg_image_fb=&#8221;3274&#8243;][vc_column][vc_column_text] Wsp\u00f3\u0142praca partnerska [\/vc_column_text][vc_separator color=&#8221;white&#8221; el_width=&#8221;100&#8243;][vc_single_image image=&#8221;3946&#8243; img_size=&#8221;full&#8221; onclick=&#8221;custom_link&#8221; img_link_target=&#8221;_blank&#8221; css_animation=&#8221;left-to-right&#8221; link=&#8221;http:\/\/www.elektropomiar1.pl\/&#8221;][vc_column_text css_animation=&#8221;appear&#8221;] Firma \u201eELEKTROPOMIAR\u201d powsta\u0142a w 1982 r. i&#8230;<\/p>\n","protected":false},"author":1,"featured_media":0,"parent":0,"menu_order":0,"comment_status":"closed","ping_status":"closed","template":"template-fullwidth.php","meta":{"_acf_changed":false,"footnotes":""},"acf":[],"_links":{"self":[{"href":"https:\/\/www.desinger.pl\/index.php?rest_route=\/wp\/v2\/pages\/3953"}],"collection":[{"href":"https:\/\/www.desinger.pl\/index.php?rest_route=\/wp\/v2\/pages"}],"about":[{"href":"https:\/\/www.desinger.pl\/index.php?rest_route=\/wp\/v2\/types\/page"}],"author":[{"embeddable":true,"href":"https:\/\/www.desinger.pl\/index.php?rest_route=\/wp\/v2\/users\/1"}],"replies":[{"embeddable":true,"href":"https:\/\/www.desinger.pl\/index.php?rest_route=%2Fwp%2Fv2%2Fcomments&post=3953"}],"version-history":[{"count":49,"href":"https:\/\/www.desinger.pl\/index.php?rest_route=\/wp\/v2\/pages\/3953\/revisions"}],"predecessor-version":[{"id":4146,"href":"https:\/\/www.desinger.pl\/index.php?rest_route=\/wp\/v2\/pages\/3953\/revisions\/4146"}],"wp:attachment":[{"href":"https:\/\/www.desinger.pl\/index.php?rest_route=%2Fwp%2Fv2%2Fmedia&parent=3953"}],"curies":[{"name":"wp","href":"https:\/\/api.w.org\/{rel}","templated":true}]}}