{"id":3277,"date":"2015-02-24T16:55:30","date_gmt":"2015-02-24T15:55:30","guid":{"rendered":"http:\/\/blaszok.mpcthemes.net\/?page_id=3277"},"modified":"2018-08-06T13:52:10","modified_gmt":"2018-08-06T12:52:10","slug":"kontakt","status":"publish","type":"page","link":"https:\/\/www.desinger.pl\/?page_id=3277","title":{"rendered":"Kontakt"},"content":{"rendered":"<p>[vc_row full_width=&#8221;stretch_row&#8221; parallax=&#8221;content-moving-fade&#8221; overlay_pattern_opacity=&#8221;50&#8243; css=&#8221;.vc_custom_1462077005137{margin-top: -55px !important;padding-top: 300px !important;padding-bottom: 200px !important;background: #f4f4f4 url(https:\/\/www.desinger.pl\/wp-content\/uploads\/2016\/05\/IMGP7713-e1462071367714.jpg?id=3527);}&#8221; full_page_width=&#8221;&#8221;][vc_column][\/vc_column][\/vc_row][vc_row full_width=&#8221;stretch_row&#8221; overlay_pattern_opacity=&#8221;50&#8243; css=&#8221;.vc_custom_1533559808487{margin-top: -24px !important;margin-bottom: -18px !important;padding-top: 300px !important;padding-bottom: 30px !important;}&#8221; full_page_width=&#8221;&#8221; bg_image_fb=&#8221;3311&#8243;][vc_column css=&#8221;.vc_custom_1424856541728{margin-top: -240px !important;}&#8221;][vc_row_inner][vc_column_inner][vc_custom_heading text=&#8221;Laboratorium Przyrz\u0105d\u00f3w Pomiarowych &#8221; font_container=&#8221;tag:h3|text_align:left|color:%232d2d2d&#8221; google_fonts=&#8221;font_family:Open%20Sans%3A300%2C300italic%2Cregular%2Citalic%2C600%2C600italic%2C700%2C700italic%2C800%2C800italic|font_style:400%20regular%3A400%3Anormal&#8221;][vc_custom_heading text=&#8221;Desinger Krzysztof Kurdy\u0142a&#8221; font_container=&#8221;tag:h2|font_size:26px|text_align:left|color:%232d2d2d&#8221; google_fonts=&#8221;font_family:Open%20Sans%3A300%2C300italic%2Cregular%2Citalic%2C600%2C600italic%2C700%2C700italic%2C800%2C800italic|font_style:800%20bold%20regular%3A800%3Anormal&#8221; css=&#8221;.vc_custom_1462255642806{margin-top: -30px !important;}&#8221;][\/vc_column_inner][\/vc_row_inner][\/vc_column][\/vc_row][vc_row full_width=&#8221;stretch_row&#8221; overlay_pattern_opacity=&#8221;50&#8243; css=&#8221;.vc_custom_1533559817769{margin-top: -100px !important;margin-bottom: 0px !important;padding-top: 40px !important;padding-bottom: 60px !important;background-position: center !important;background-repeat: no-repeat !important;background-size: cover !important;}&#8221; full_page_width=&#8221;&#8221; bg_image_repeat_fb=&#8221;cover&#8221; bg_image_fb=&#8221;3343&#8243;][vc_column][vc_row_inner][vc_column_inner width=&#8221;1\/4&#8243;][vc_custom_heading text=&#8221;ADRES&#8221; font_container=&#8221;tag:h4|text_align:left&#8221; google_fonts=&#8221;font_family:Open%20Sans%3A300%2C300italic%2Cregular%2Citalic%2C600%2C600italic%2C700%2C700italic%2C800%2C800italic|font_style:700%20bold%20regular%3A700%3Anormal&#8221;][vc_custom_heading text=&#8221;_&#8221; font_container=&#8221;tag:h2|font_size:80px|text_align:left|color:%231a3147&#8243; google_fonts=&#8221;font_family:Open%20Sans%3A300%2C300italic%2Cregular%2Citalic%2C600%2C600italic%2C700%2C700italic%2C800%2C800italic|font_style:800%20bold%20regular%3A800%3Anormal&#8221; css=&#8221;.vc_custom_1424695872499{margin-top: -100px !important;}&#8221;][vc_column_text css=&#8221;.vc_custom_1532626707031{margin-top: -50px !important;}&#8221;]Desinger Krzysztof Kurdy\u0142a<br \/>\n38-500 Sanok<br \/>\nul. E. Dembowskiego 7\/27<\/p>\n<p>NIP 6842078046[\/vc_column_text][\/vc_column_inner][vc_column_inner width=&#8221;1\/4&#8243;][vc_custom_heading text=&#8221;TELEFON&#8221; font_container=&#8221;tag:h4|text_align:left&#8221; google_fonts=&#8221;font_family:Open%20Sans%3A300%2C300italic%2Cregular%2Citalic%2C600%2C600italic%2C700%2C700italic%2C800%2C800italic|font_style:700%20bold%20regular%3A700%3Anormal&#8221;][vc_custom_heading text=&#8221;_&#8221; font_container=&#8221;tag:h2|font_size:80px|text_align:left|color:%231a3147&#8243; google_fonts=&#8221;font_family:Open%20Sans%3A300%2C300italic%2Cregular%2Citalic%2C600%2C600italic%2C700%2C700italic%2C800%2C800italic|font_style:800%20bold%20regular%3A800%3Anormal&#8221; css=&#8221;.vc_custom_1424695890336{margin-top: -100px !important;}&#8221;][vc_column_text css=&#8221;.vc_custom_1532626718469{margin-top: -50px !important;}&#8221;]<\/p>\n<p>+48 509 117 436[\/vc_column_text][\/vc_column_inner][vc_column_inner width=&#8221;1\/4&#8243;][vc_custom_heading text=&#8221;EMAIL&#8221; font_container=&#8221;tag:h4|text_align:left&#8221; google_fonts=&#8221;font_family:Open%20Sans%3A300%2C300italic%2Cregular%2Citalic%2C600%2C600italic%2C700%2C700italic%2C800%2C800italic|font_style:700%20bold%20regular%3A700%3Anormal&#8221;][vc_custom_heading text=&#8221;_&#8221; font_container=&#8221;tag:h2|font_size:80px|text_align:left|color:%231a3147&#8243; google_fonts=&#8221;font_family:Open%20Sans%3A300%2C300italic%2Cregular%2Citalic%2C600%2C600italic%2C700%2C700italic%2C800%2C800italic|font_style:800%20bold%20regular%3A800%3Anormal&#8221; css=&#8221;.vc_custom_1424695903336{margin-top: -100px !important;}&#8221;][vc_column_text css=&#8221;.vc_custom_1532626739526{margin-top: -50px !important;}&#8221;]<\/p>\n<p><span style=\"color: #000000;\"><a style=\"color: #000000;\" href=\"mailto:laboratorium@desinger.pl\">laboratorium@desinger.pl<\/a><\/span>[\/vc_column_text][\/vc_column_inner][vc_column_inner width=&#8221;1\/4&#8243;][\/vc_column_inner][\/vc_row_inner][\/vc_column][\/vc_row][vc_row full_width=&#8221;stretch_row&#8221; overlay_pattern_opacity=&#8221;50&#8243; css=&#8221;.vc_custom_1462612557409{margin-top: -22px !important;padding-top: 10px !important;padding-bottom: 10px !important;background-color: #1a3147 !important;}&#8221; full_page_width=&#8221;&#8221;][vc_column][\/vc_column][\/vc_row][vc_row full_width=&#8221;stretch_row&#8221; full_height=&#8221;yes&#8221; columns_placement=&#8221;stretch&#8221; overlay_color=&#8221;#0a0a0a&#8221; overlay_color_opacity=&#8221;10&#8243; overlay_pattern_opacity=&#8221;50&#8243; css_animation=&#8221;appear&#8221; css=&#8221;.vc_custom_1462618853943{margin-top: -26px !important;margin-bottom: 24px !important;}&#8221; full_page_width=&#8221;1&#8243;][vc_column][vc_gmaps link=&#8221;#E-8_JTNDaWZyYW1lJTIwc3JjJTNEJTIyaHR0cHMlM0ElMkYlMkZ3d3cuZ29vZ2xlLmNvbSUyRm1hcHMlMkZlbWJlZCUzRnBiJTNEJTIxMW0xOCUyMTFtMTIlMjExbTMlMjExZDI1ODcuMzU3NDE4NDE1MjY2MiUyMTJkMjIuMTk1ODI5NjE2MDA0MzUzJTIxM2Q0OS41NzIxNDY1NzkzNjM4MjUlMjEybTMlMjExZjAlMjEyZjAlMjEzZjAlMjEzbTIlMjExaTEwMjQlMjEyaTc2OCUyMTRmMTMuMSUyMTNtMyUyMTFtMiUyMTFzMHg0NzNjNmQ5YTE4ODZhM2NkJTI1M0EweGVjZmQ1YTY1MDA3M2QzNjclMjEyc0Vkd2FyZGElMkJEZW1ib3dza2llZ28lMkI3JTI1MkMlMkJTYW5vayUyMTVlMCUyMTNtMiUyMTFzcGwlMjEyc3BsJTIxNHYxNDYyMDE2ODkyNjM1JTIyJTIwd2lkdGglM0QlMjI2MDAlMjIlMjBoZWlnaHQlM0QlMjI0NTAlMjIlMjBmcmFtZWJvcmRlciUzRCUyMjAlMjIlMjBzdHlsZSUzRCUyMmJvcmRlciUzQTAlMjIlMjBhbGxvd2Z1bGxzY3JlZW4lM0UlM0MlMkZpZnJhbWUlM0U=&#8221; size=&#8221;500&#8243;][\/vc_column][\/vc_row][vc_row full_width=&#8221;stretch_row&#8221; overlay_pattern_opacity=&#8221;50&#8243; css=&#8221;.vc_custom_1462612824279{margin-top: -46px !important;padding-top: 10px !important;padding-bottom: 10px !important;background-color: #1a3147 !important;}&#8221; full_page_width=&#8221;&#8221;][vc_column][\/vc_column][\/vc_row][vc_row full_width=&#8221;stretch_row&#8221; css=&#8221;.vc_custom_1533559871890{margin-top: -26px !important;padding-bottom: 20px !important;}&#8221;][vc_column][\/vc_column][\/vc_row][vc_row full_width=&#8221;stretch_row&#8221; css=&#8221;.vc_custom_1533559856631{margin-top: -26px !important;padding-bottom: 20px !important;}&#8221;][vc_column][vc_text_separator title=&#8221;Zapytanie&#8221; title_align=&#8221;separator_align_left&#8221; color=&#8221;white&#8221; el_width=&#8221;100&#8243; css=&#8221;.vc_custom_1462612947810{margin-top: 0px !important;padding-top: 0px !important;}&#8221;][\/vc_column][\/vc_row][vc_row full_width=&#8221;stretch_row&#8221; overlay_pattern_opacity=&#8221;50&#8243; css=&#8221;.vc_custom_1533559834837{margin-top: -40px !important;margin-bottom: 0px !important;padding-top: 40px !important;padding-bottom: 0px !important;background-position: center !important;background-repeat: no-repeat !important;background-size: cover !important;}&#8221; full_page_width=&#8221;&#8221; bg_image_fb=&#8221;3309&#8243; bg_image_repeat_fb=&#8221;cover&#8221;][vc_column width=&#8221;1\/2&#8243;]\n<div class=\"wpcf7 no-js\" id=\"wpcf7-f8-o1\" lang=\"pl-PL\" dir=\"ltr\">\n<div class=\"screen-reader-response\"><p role=\"status\" aria-live=\"polite\" aria-atomic=\"true\"><\/p> <ul><\/ul><\/div>\n<form action=\"\/index.php?rest_route=%2Fwp%2Fv2%2Fpages%2F3277#wpcf7-f8-o1\" method=\"post\" class=\"wpcf7-form init\" aria-label=\"Formularz kontaktowy\" novalidate=\"novalidate\" data-status=\"init\">\n<div style=\"display: none;\">\n<input type=\"hidden\" name=\"_wpcf7\" value=\"8\" \/>\n<input type=\"hidden\" name=\"_wpcf7_version\" value=\"5.9.8\" \/>\n<input type=\"hidden\" name=\"_wpcf7_locale\" value=\"pl_PL\" \/>\n<input type=\"hidden\" name=\"_wpcf7_unit_tag\" value=\"wpcf7-f8-o1\" \/>\n<input type=\"hidden\" name=\"_wpcf7_container_post\" value=\"0\" \/>\n<input type=\"hidden\" name=\"_wpcf7_posted_data_hash\" value=\"\" \/>\n<input type=\"hidden\" name=\"_wpcf7_recaptcha_response\" value=\"\" \/>\n<\/div>\n<p>Imi\u0119 i nazwisko (wymagane)\n<\/p>\n<p><span class=\"wpcf7-form-control-wrap\" data-name=\"your-name\"><input size=\"40\" maxlength=\"400\" class=\"wpcf7-form-control wpcf7-text wpcf7-validates-as-required\" aria-required=\"true\" aria-invalid=\"false\" value=\"\" type=\"text\" name=\"your-name\" \/><\/span>\n<\/p>\n<p>Nr telefonu\n<\/p>\n<p><span class=\"wpcf7-form-control-wrap\" data-name=\"tel-585\"><input size=\"40\" maxlength=\"400\" class=\"wpcf7-form-control wpcf7-tel wpcf7-text wpcf7-validates-as-tel\" aria-invalid=\"false\" value=\"\" type=\"tel\" name=\"tel-585\" \/><\/span>\n<\/p>\n<p>Adres email (wymagane)\n<\/p>\n<p><span class=\"wpcf7-form-control-wrap\" data-name=\"your-email\"><input size=\"40\" maxlength=\"400\" class=\"wpcf7-form-control wpcf7-email wpcf7-validates-as-required wpcf7-text wpcf7-validates-as-email\" aria-required=\"true\" aria-invalid=\"false\" value=\"\" type=\"email\" name=\"your-email\" \/><\/span>\n<\/p>\n<p>Temat\n<\/p>\n<p><span class=\"wpcf7-form-control-wrap\" data-name=\"your-subject\"><input size=\"40\" maxlength=\"400\" class=\"wpcf7-form-control wpcf7-text\" aria-invalid=\"false\" value=\"\" type=\"text\" name=\"your-subject\" \/><\/span>\n<\/p>\n<p>Tre\u015b\u0107 wiadomo\u015bci\n<\/p>\n<p><span class=\"wpcf7-form-control-wrap\" data-name=\"your-message\"><textarea cols=\"40\" rows=\"10\" maxlength=\"2000\" class=\"wpcf7-form-control wpcf7-textarea\" aria-invalid=\"false\" name=\"your-message\"><\/textarea><\/span>\n<\/p>\n<p><span class=\"wpcf7-form-control-wrap wpgdprc\"><span class=\"wpcf7-form-control wpcf7-wpgdprc wpcf7-validates-as-required\"><span class=\"wpcf7-list-item\"><input type=\"checkbox\" name=\"wpgdprc\" value=\"1\" aria-required=\"true\" aria-invalid=\"false\" \/><span class=\"wpcf7-list-item-label\">Korzystaj\u0105c z formularza, zgadzasz si\u0119 na przechowywanie i przetwarzanie twoich danych przez witryn\u0119.<\/span><\/span><\/span>    <\/span>\n<\/p>\n<p><input class=\"wpcf7-form-control wpcf7-submit has-spinner\" type=\"submit\" value=\"Wy\u015blij\" \/>\n<\/p><div class=\"wpcf7-response-output\" aria-hidden=\"true\"><\/div>\n<\/form>\n<\/div>\n[\/vc_column][vc_column width=&#8221;1\/2&#8243; css=&#8221;.vc_custom_1424596720714{padding-left: 100px !important;}&#8221;][vc_custom_heading text=&#8221;_&#8221; font_container=&#8221;tag:h2|font_size:80px|text_align:right|color:%231a3147&#8243; google_fonts=&#8221;font_family:Open%20Sans%3A300%2C300italic%2Cregular%2Citalic%2C600%2C600italic%2C700%2C700italic%2C800%2C800italic|font_style:800%20bold%20regular%3A800%3Anormal&#8221;][vc_custom_heading text=&#8221;Laboratorium wzorcowania<br \/>\nprzyrz\u0105d\u00f3w pomiarowych&#8221; font_container=&#8221;tag:h3|text_align:right|color:%233a3a3a&#8221; google_fonts=&#8221;font_family:Open%20Sans%3A300%2C300italic%2Cregular%2Citalic%2C600%2C600italic%2C700%2C700italic%2C800%2C800italic|font_style:400%20regular%3A400%3Anormal&#8221; css=&#8221;.vc_custom_1462081349619{margin-top: -50px !important;}&#8221;][vc_custom_heading text=&#8221;Podkarpacie, Sanok&#8221; font_container=&#8221;tag:h2|font_size:36px|text_align:right|color:%233a3a3a&#8221; google_fonts=&#8221;font_family:Open%20Sans%3A300%2C300italic%2Cregular%2Citalic%2C600%2C600italic%2C700%2C700italic%2C800%2C800italic|font_style:700%20bold%20regular%3A700%3Anormal&#8221; css=&#8221;.vc_custom_1462079408603{margin-top: -30px !important;}&#8221;][\/vc_column][\/vc_row][vc_row][vc_column][vc_column_text]<script>\/\/ <![CDATA[ (function(i,s,o,g,r,a,m){i['GoogleAnalyticsObject']=r;i[r]=i[r]||function(){ (i[r].q=i[r].q||[]).push(arguments)},i[r].l=1*new Date();a=s.createElement(o), m=s.getElementsByTagName(o)[0];a.async=1;a.src=g;m.parentNode.insertBefore(a,m) })(window,document,'script','https:\/\/www.google-analytics.com\/analytics.js','ga'); ga('create', 'UA-77406573-1', 'auto'); ga('send', 'pageview'); \/\/ ]]><\/script>[\/vc_column_text][\/vc_column][\/vc_row]<\/p>\n","protected":false},"excerpt":{"rendered":"<p>[vc_row full_width=&#8221;stretch_row&#8221; parallax=&#8221;content-moving-fade&#8221; overlay_pattern_opacity=&#8221;50&#8243; css=&#8221;.vc_custom_1462077005137{margin-top: -55px !important;padding-top: 300px !important;padding-bottom: 200px !important;background: #f4f4f4 url(https:\/\/www.desinger.pl\/wp-content\/uploads\/2016\/05\/IMGP7713-e1462071367714.jpg?id=3527);}&#8221; full_page_width=&#8221;&#8221;][vc_column][\/vc_column][\/vc_row][vc_row full_width=&#8221;stretch_row&#8221; overlay_pattern_opacity=&#8221;50&#8243; css=&#8221;.vc_custom_1533559808487{margin-top: -24px !important;margin-bottom: -18px !important;padding-top: 300px !important;padding-bottom: 30px !important;}&#8221; full_page_width=&#8221;&#8221; bg_image_fb=&#8221;3311&#8243;][vc_column css=&#8221;.vc_custom_1424856541728{margin-top: -240px !important;}&#8221;][vc_row_inner][vc_column_inner][vc_custom_heading text=&#8221;Laboratorium Przyrz\u0105d\u00f3w Pomiarowych &#8221; font_container=&#8221;tag:h3|text_align:left|color:%232d2d2d&#8221; google_fonts=&#8221;font_family:Open%20Sans%3A300%2C300italic%2Cregular%2Citalic%2C600%2C600italic%2C700%2C700italic%2C800%2C800italic|font_style:400%20regular%3A400%3Anormal&#8221;][vc_custom_heading text=&#8221;Desinger Krzysztof Kurdy\u0142a&#8221; font_container=&#8221;tag:h2|font_size:26px|text_align:left|color:%232d2d2d&#8221; google_fonts=&#8221;font_family:Open%20Sans%3A300%2C300italic%2Cregular%2Citalic%2C600%2C600italic%2C700%2C700italic%2C800%2C800italic|font_style:800%20bold%20regular%3A800%3Anormal&#8221; css=&#8221;.vc_custom_1462255642806{margin-top: -30px !important;}&#8221;][\/vc_column_inner][\/vc_row_inner][\/vc_column][\/vc_row][vc_row full_width=&#8221;stretch_row&#8221; overlay_pattern_opacity=&#8221;50&#8243; css=&#8221;.vc_custom_1533559817769{margin-top: -100px !important;margin-bottom: 0px&#8230;<\/p>\n","protected":false},"author":1,"featured_media":0,"parent":0,"menu_order":0,"comment_status":"closed","ping_status":"closed","template":"template-fullwidth.php","meta":{"_acf_changed":false,"footnotes":""},"acf":[],"_links":{"self":[{"href":"https:\/\/www.desinger.pl\/index.php?rest_route=\/wp\/v2\/pages\/3277"}],"collection":[{"href":"https:\/\/www.desinger.pl\/index.php?rest_route=\/wp\/v2\/pages"}],"about":[{"href":"https:\/\/www.desinger.pl\/index.php?rest_route=\/wp\/v2\/types\/page"}],"author":[{"embeddable":true,"href":"https:\/\/www.desinger.pl\/index.php?rest_route=\/wp\/v2\/users\/1"}],"replies":[{"embeddable":true,"href":"https:\/\/www.desinger.pl\/index.php?rest_route=%2Fwp%2Fv2%2Fcomments&post=3277"}],"version-history":[{"count":78,"href":"https:\/\/www.desinger.pl\/index.php?rest_route=\/wp\/v2\/pages\/3277\/revisions"}],"predecessor-version":[{"id":4142,"href":"https:\/\/www.desinger.pl\/index.php?rest_route=\/wp\/v2\/pages\/3277\/revisions\/4142"}],"wp:attachment":[{"href":"https:\/\/www.desinger.pl\/index.php?rest_route=%2Fwp%2Fv2%2Fmedia&parent=3277"}],"curies":[{"name":"wp","href":"https:\/\/api.w.org\/{rel}","templated":true}]}}