{"id":168,"date":"2015-01-12T10:49:15","date_gmt":"2015-01-12T10:49:15","guid":{"rendered":"http:\/\/blaszok.mpcthemes.net\/?page_id=168"},"modified":"2018-07-26T18:35:41","modified_gmt":"2018-07-26T17:35:41","slug":"home-page","status":"publish","type":"page","link":"https:\/\/www.desinger.pl\/","title":{"rendered":"home"},"content":{"rendered":"<p>[vc_row full_width=&#8221;stretch_row&#8221; parallax=&#8221;content-moving-fade&#8221; overlay_pattern_opacity=&#8221;50&#8243; css=&#8221;.vc_custom_1462077005137{margin-top: -55px !important;padding-top: 300px !important;padding-bottom: 200px !important;background: #f4f4f4 url(https:\/\/www.desinger.pl\/wp-content\/uploads\/2016\/05\/IMGP7713-e1462071367714.jpg?id=3527);}&#8221; full_page_width=&#8221;&#8221;][vc_column][\/vc_column][\/vc_row][vc_row full_width=&#8221;1&#8243; overlay_pattern_opacity=&#8221;50&#8243; css=&#8221;.vc_custom_1425380604908{margin-top: -24px !important;padding-top: 40px !important;padding-bottom: 30px !important;background-image: url(http:\/\/blaszok.mpcthemes.net\/hypercube\/wp-content\/uploads\/sites\/23\/2014\/12\/bcg3_31.jpg?id=3309) !important;background-position: center !important;background-repeat: no-repeat !important;background-size: cover !important;}&#8221; full_page_width=&#8221;&#8221; bg_image_fb=&#8221;3309&#8243; bg_image_repeat_fb=&#8221;cover&#8221;][vc_column width=&#8221;1\/2&#8243;][vc_custom_heading text=&#8221;Kalibracja &#8211; wzorcowanie<br \/>\nmiernik\u00f3w warto\u015bci elektrycznych<br \/>\nw Sanoku&#8221; font_container=&#8221;tag:h3|text_align:left|color:%233a3a3a&#8221; google_fonts=&#8221;font_family:Open%20Sans%3A300%2C300italic%2Cregular%2Citalic%2C600%2C600italic%2C700%2C700italic%2C800%2C800italic|font_style:700%20bold%20regular%3A700%3Anormal&#8221;][vc_custom_heading text=&#8221;Laboratorium Przyrz\u0105d\u00f3w Pomiarowych&#8221; font_container=&#8221;tag:h4|text_align:left|color:%233a3a3a&#8221; google_fonts=&#8221;font_family:Open%20Sans%3A300%2C300italic%2Cregular%2Citalic%2C600%2C600italic%2C700%2C700italic%2C800%2C800italic|font_style:400%20regular%3A400%3Anormal&#8221; css=&#8221;.vc_custom_1462078184692{margin-top: -30px !important;}&#8221;][vc_column_text css=&#8221;.vc_custom_1462253991936{margin-top: -15px !important;padding-right: 40px !important;}&#8221;]oferuje us\u0142ugi wzorcowania \/ kalibracji oraz wystawienia<br \/>\n\u015bwiadectwa wzorcowania, przyrz\u0105d\u00f3w<br \/>\nzwi\u0105zanych z pomiarami wielko\u015bci elektrycznych.<br \/>\n<strong>Wzorcowanie miernik\u00f3w <\/strong>(zamiennie kalibracja)<br \/>\npolega na por\u00f3wnaniu ich parametr\u00f3w<br \/>\nz parametrami kalibratora (wzorca) maj\u0105cego odniesienie<br \/>\ndo wzorc\u00f3w krajowych lub mi\u0119dzynarodowych.[\/vc_column_text][\/vc_column][vc_column width=&#8221;1\/2&#8243; css=&#8221;.vc_custom_1424596720714{padding-left: 100px !important;}&#8221;][vc_empty_space height=&#8221;120px&#8221;][vc_custom_heading text=&#8221;Kategoria wzorcowanych przyrz\u0105d\u00f3w&#8221; font_container=&#8221;tag:h3|text_align:right|color:%233a3a3a&#8221; google_fonts=&#8221;font_family:Open%20Sans%3A300%2C300italic%2Cregular%2Citalic%2C600%2C600italic%2C700%2C700italic%2C800%2C800italic|font_style:700%20bold%20regular%3A700%3Anormal&#8221;][vc_column_text css=&#8221;.vc_custom_1462253862945{margin-top: -15px !important;}&#8221;]<\/p>\n<p style=\"text-align: right;\">\u2013 mierniki impedancji p\u0119tli zwarcia,<br \/>\n\u2013 mierniki rezystancji p\u0119tli zwarcia,<br \/>\n\u2013 mierniki impedancji oraz rezystancji linii,<br \/>\n\u2013 mierniki rezystancji uziemienia i gruntu,<br \/>\n\u2013 mierniki rezystancji izolacji<br \/>\n\u2013 mierniki parametr\u00f3w wy\u0142\u0105cznik\u00f3w (RCD),<br \/>\n\u2013 mierniki ci\u0105g\u0142o\u015bci przewod\u00f3w ochronnych i wyr\u00f3wnawczych,<br \/>\n\u2013 mierniki wielofunkcyjne instalacji elektrycznych,<br \/>\n\u2013 mierniki pr\u0105d\u00f3w up\u0142ywu,<br \/>\n\u2013 woltomierzy, amperomierzy, omomierzy<br \/>\n\u2013 multimetr\u00f3w wielofunkcyjnych i uniwersalnych<\/p>\n<p>[\/vc_column_text][\/vc_column][\/vc_row][vc_row full_width=&#8221;stretch_row&#8221; css=&#8221;.vc_custom_1462619267396{margin-top: -18px !important;background-image: url(https:\/\/www.desinger.pl\/wp-content\/uploads\/2015\/01\/T\u0142o-tekst.jpg?id=3663) !important;}&#8221;][vc_column][vc_text_separator title=&#8221;Laboratorium&#8221; title_align=&#8221;separator_align_left&#8221; color=&#8221;white&#8221; el_width=&#8221;100&#8243;]<div class=\"mpcth-waypoint mpcth-items-slider-wrap mpcth-simple-arrows\"><div class=\"mpcth-items-slider-container-wrap\"><div class=\"mpcth-items-slider-container\"><div class=\"mpc-vc-images-slider mpcth-items-slider\" data-max-width=\"260\" data-loop=\"1\" data-single=\"1\"><div class=\"mpcth-slide\"><img decoding=\"async\" src=\"https:\/\/www.desinger.pl\/wp-content\/uploads\/2016\/05\/IMGP7678-M.jpg\"><\/div><div class=\"mpcth-slide\"><img decoding=\"async\" src=\"https:\/\/www.desinger.pl\/wp-content\/uploads\/2016\/05\/IMGP7713-M.jpg\"><\/div><div class=\"mpcth-slide\"><img decoding=\"async\" src=\"https:\/\/www.desinger.pl\/wp-content\/uploads\/2016\/05\/IMGP7705-M.jpg\"><\/div><div class=\"mpcth-slide\"><img decoding=\"async\" src=\"https:\/\/www.desinger.pl\/wp-content\/uploads\/2016\/06\/IMGP7914.jpg\"><\/div><div class=\"mpcth-slide\"><img decoding=\"async\" src=\"https:\/\/www.desinger.pl\/wp-content\/uploads\/2016\/05\/IMGP7674-M.jpg\"><\/div><div class=\"mpcth-slide\"><img decoding=\"async\" src=\"https:\/\/www.desinger.pl\/wp-content\/uploads\/2016\/05\/IMGP7698-M.jpg\"><\/div><div class=\"mpcth-slide\"><img decoding=\"async\" src=\"https:\/\/www.desinger.pl\/wp-content\/uploads\/2016\/05\/IMGP7664-M.jpg\"><\/div><div class=\"mpcth-slide\"><img decoding=\"async\" src=\"https:\/\/www.desinger.pl\/wp-content\/uploads\/2016\/06\/IMGP7910.jpg\"><\/div><div class=\"mpcth-slide\"><img decoding=\"async\" src=\"https:\/\/www.desinger.pl\/wp-content\/uploads\/2016\/05\/IMGP7709-M.jpg\"><\/div><div class=\"mpcth-slide\"><img decoding=\"async\" src=\"https:\/\/www.desinger.pl\/wp-content\/uploads\/2016\/05\/IMGP7704-M.jpg\"><\/div><div class=\"mpcth-slide\"><img decoding=\"async\" src=\"https:\/\/www.desinger.pl\/wp-content\/uploads\/2016\/05\/IMGP7701-M.jpg\"><\/div><div class=\"mpcth-slide\"><img decoding=\"async\" src=\"https:\/\/www.desinger.pl\/wp-content\/uploads\/2016\/06\/IMGP7917.jpg\"><\/div><div class=\"mpcth-slide\"><img decoding=\"async\" src=\"https:\/\/www.desinger.pl\/wp-content\/uploads\/2016\/05\/IMGP7697-M.jpg\"><\/div><div class=\"mpcth-slide\"><img decoding=\"async\" src=\"https:\/\/www.desinger.pl\/wp-content\/uploads\/2016\/05\/IMGP7662-M.jpg\"><\/div><div class=\"mpcth-slide\"><img decoding=\"async\" src=\"https:\/\/www.desinger.pl\/wp-content\/uploads\/2016\/05\/IMGP7681-M.jpg\"><\/div><div class=\"mpcth-slide\"><img decoding=\"async\" src=\"https:\/\/www.desinger.pl\/wp-content\/uploads\/2016\/05\/IMGP7660-M.jpg\"><\/div><div class=\"mpcth-slide\"><img decoding=\"async\" src=\"https:\/\/www.desinger.pl\/wp-content\/uploads\/2016\/06\/IMGP7918.jpg\"><\/div><\/div><\/div><\/div><a href=\"#\" class=\"mpcth-items-slider-next mpcth-color-main-color\"><i class=\"fa fa-angle-right\"><\/i><\/a><a href=\"#\" class=\"mpcth-items-slider-prev mpcth-color-main-color\"><i class=\"fa fa-angle-left\"><\/i><\/a><\/div>[vc_text_separator title=&#8221;Kontakt&#8221; title_align=&#8221;separator_align_left&#8221; color=&#8221;white&#8221; el_width=&#8221;100&#8243;][\/vc_column][\/vc_row][vc_row full_width=&#8221;stretch_row&#8221; overlay_pattern_opacity=&#8221;50&#8243; css_animation=&#8221;appear&#8221; css=&#8221;.vc_custom_1462735840022{margin-top: -30px !important;margin-bottom: -40px !important;padding-top: 40px !important;padding-bottom: 60px !important;background-image: url(https:\/\/www.desinger.pl\/wp-content\/uploads\/2015\/01\/T\u0142o-tekst.jpg?id=3663) !important;background-position: center !important;background-repeat: no-repeat !important;background-size: cover !important;}&#8221; full_page_width=&#8221;&#8221; bg_image_repeat_fb=&#8221;cover&#8221; bg_image_fb=&#8221;3343&#8243;][vc_column][vc_row_inner][vc_column_inner width=&#8221;1\/4&#8243;][vc_custom_heading text=&#8221;ADRES&#8221; font_container=&#8221;tag:h4|text_align:left&#8221; google_fonts=&#8221;font_family:Open%20Sans%3A300%2C300italic%2Cregular%2Citalic%2C600%2C600italic%2C700%2C700italic%2C800%2C800italic|font_style:700%20bold%20regular%3A700%3Anormal&#8221;][vc_custom_heading text=&#8221;_&#8221; font_container=&#8221;tag:h2|font_size:80px|text_align:left|color:%231a3147&#8243; google_fonts=&#8221;font_family:Open%20Sans%3A300%2C300italic%2Cregular%2Citalic%2C600%2C600italic%2C700%2C700italic%2C800%2C800italic|font_style:800%20bold%20regular%3A800%3Anormal&#8221; css=&#8221;.vc_custom_1424695872499{margin-top: -100px !important;}&#8221;][vc_column_text css=&#8221;.vc_custom_1463498950896{margin-top: -50px !important;}&#8221;]38-500 Sanok<br \/>\nul. E. Dembowskiego 7\/27<br \/>\nNIP 6842078046[\/vc_column_text][\/vc_column_inner][vc_column_inner width=&#8221;1\/4&#8243;][vc_custom_heading text=&#8221;TELEFON&#8221; font_container=&#8221;tag:h4|text_align:left&#8221; google_fonts=&#8221;font_family:Open%20Sans%3A300%2C300italic%2Cregular%2Citalic%2C600%2C600italic%2C700%2C700italic%2C800%2C800italic|font_style:700%20bold%20regular%3A700%3Anormal&#8221;][vc_custom_heading text=&#8221;_&#8221; font_container=&#8221;tag:h2|font_size:80px|text_align:left|color:%231a3147&#8243; google_fonts=&#8221;font_family:Open%20Sans%3A300%2C300italic%2Cregular%2Citalic%2C600%2C600italic%2C700%2C700italic%2C800%2C800italic|font_style:800%20bold%20regular%3A800%3Anormal&#8221; css=&#8221;.vc_custom_1424695890336{margin-top: -100px !important;}&#8221;][vc_column_text css=&#8221;.vc_custom_1462092943437{margin-top: -50px !important;}&#8221;]+48 509 117 436[\/vc_column_text][\/vc_column_inner][vc_column_inner width=&#8221;1\/4&#8243;][vc_custom_heading text=&#8221;EMAIL&#8221; font_container=&#8221;tag:h4|text_align:left&#8221; google_fonts=&#8221;font_family:Open%20Sans%3A300%2C300italic%2Cregular%2Citalic%2C600%2C600italic%2C700%2C700italic%2C800%2C800italic|font_style:700%20bold%20regular%3A700%3Anormal&#8221;][vc_custom_heading text=&#8221;_&#8221; font_container=&#8221;tag:h2|font_size:80px|text_align:left|color:%231a3147&#8243; google_fonts=&#8221;font_family:Open%20Sans%3A300%2C300italic%2Cregular%2Citalic%2C600%2C600italic%2C700%2C700italic%2C800%2C800italic|font_style:800%20bold%20regular%3A800%3Anormal&#8221; css=&#8221;.vc_custom_1424695903336{margin-top: -100px !important;}&#8221;][vc_column_text css=&#8221;.vc_custom_1464553887356{margin-top: -50px !important;}&#8221;]<span style=\"color: #000000;\"><a style=\"color: #000000;\" href=\"mailto:laboratorium@desinger.pl\">laboratorium@desinger.pl<\/a><\/span>[\/vc_column_text][\/vc_column_inner][vc_column_inner width=&#8221;1\/4&#8243;][\/vc_column_inner][\/vc_row_inner][vc_row_inner][vc_column_inner css=&#8221;.vc_custom_1462242122746{margin-top: -100px !important;}&#8221;][vc_custom_heading text=&#8221;_&#8221; font_container=&#8221;tag:h2|font_size:80px|text_align:right|color:%231a3147&#8243; google_fonts=&#8221;font_family:Open%20Sans%3A300%2C300italic%2Cregular%2Citalic%2C600%2C600italic%2C700%2C700italic%2C800%2C800italic|font_style:800%20bold%20regular%3A800%3Anormal&#8221;][vc_custom_heading text=&#8221;Laboratorium wzorcowania<br \/>\nprzyrz\u0105d\u00f3w pomiarowych&#8221; font_container=&#8221;tag:h4|text_align:right|color:%233a3a3a&#8221; google_fonts=&#8221;font_family:Open%20Sans%3A300%2C300italic%2Cregular%2Citalic%2C600%2C600italic%2C700%2C700italic%2C800%2C800italic|font_style:400%20regular%3A400%3Anormal&#8221; css=&#8221;.vc_custom_1462241835553{margin-top: -50px !important;}&#8221;][vc_custom_heading text=&#8221;Podkarpacie, Sanok&#8221; font_container=&#8221;tag:h3|font_size:28px|text_align:right|color:%233a3a3a&#8221; google_fonts=&#8221;font_family:Open%20Sans%3A300%2C300italic%2Cregular%2Citalic%2C600%2C600italic%2C700%2C700italic%2C800%2C800italic|font_style:700%20bold%20regular%3A700%3Anormal&#8221; css=&#8221;.vc_custom_1462241898530{margin-top: -30px !important;}&#8221;][\/vc_column_inner][\/vc_row_inner][\/vc_column][\/vc_row][vc_row][vc_column][vc_column_text]<script>\/\/ <![CDATA[ (function(i,s,o,g,r,a,m){i['GoogleAnalyticsObject']=r;i[r]=i[r]||function(){ (i[r].q=i[r].q||[]).push(arguments)},i[r].l=1*new Date();a=s.createElement(o), m=s.getElementsByTagName(o)[0];a.async=1;a.src=g;m.parentNode.insertBefore(a,m) })(window,document,'script','https:\/\/www.google-analytics.com\/analytics.js','ga'); ga('create', 'UA-77406573-1', 'auto'); ga('send', 'pageview'); \/\/ ]]><\/script>[\/vc_column_text][\/vc_column][\/vc_row]<\/p>\n","protected":false},"excerpt":{"rendered":"<p>[vc_row full_width=&#8221;stretch_row&#8221; parallax=&#8221;content-moving-fade&#8221; overlay_pattern_opacity=&#8221;50&#8243; css=&#8221;.vc_custom_1462077005137{margin-top: -55px !important;padding-top: 300px !important;padding-bottom: 200px !important;background: #f4f4f4 url(https:\/\/www.desinger.pl\/wp-content\/uploads\/2016\/05\/IMGP7713-e1462071367714.jpg?id=3527);}&#8221; full_page_width=&#8221;&#8221;][vc_column][\/vc_column][\/vc_row][vc_row full_width=&#8221;1&#8243; overlay_pattern_opacity=&#8221;50&#8243; css=&#8221;.vc_custom_1425380604908{margin-top: -24px !important;padding-top: 40px !important;padding-bottom: 30px !important;background-image: url(http:\/\/blaszok.mpcthemes.net\/hypercube\/wp-content\/uploads\/sites\/23\/2014\/12\/bcg3_31.jpg?id=3309) !important;background-position: center !important;background-repeat: no-repeat !important;background-size: cover !important;}&#8221; full_page_width=&#8221;&#8221; bg_image_fb=&#8221;3309&#8243; bg_image_repeat_fb=&#8221;cover&#8221;][vc_column width=&#8221;1\/2&#8243;][vc_custom_heading text=&#8221;Kalibracja &#8211; wzorcowanie miernik\u00f3w warto\u015bci elektrycznych w Sanoku&#8221; font_container=&#8221;tag:h3|text_align:left|color:%233a3a3a&#8221; google_fonts=&#8221;font_family:Open%20Sans%3A300%2C300italic%2Cregular%2Citalic%2C600%2C600italic%2C700%2C700italic%2C800%2C800italic|font_style:700%20bold%20regular%3A700%3Anormal&#8221;][vc_custom_heading text=&#8221;Laboratorium Przyrz\u0105d\u00f3w Pomiarowych&#8221; font_container=&#8221;tag:h4|text_align:left|color:%233a3a3a&#8221; google_fonts=&#8221;font_family:Open%20Sans%3A300%2C300italic%2Cregular%2Citalic%2C600%2C600italic%2C700%2C700italic%2C800%2C800italic|font_style:400%20regular%3A400%3Anormal&#8221;&#8230;<\/p>\n","protected":false},"author":1,"featured_media":0,"parent":0,"menu_order":0,"comment_status":"closed","ping_status":"closed","template":"template-fullwidth.php","meta":{"_acf_changed":false,"footnotes":""},"acf":[],"_links":{"self":[{"href":"https:\/\/www.desinger.pl\/index.php?rest_route=\/wp\/v2\/pages\/168"}],"collection":[{"href":"https:\/\/www.desinger.pl\/index.php?rest_route=\/wp\/v2\/pages"}],"about":[{"href":"https:\/\/www.desinger.pl\/index.php?rest_route=\/wp\/v2\/types\/page"}],"author":[{"embeddable":true,"href":"https:\/\/www.desinger.pl\/index.php?rest_route=\/wp\/v2\/users\/1"}],"replies":[{"embeddable":true,"href":"https:\/\/www.desinger.pl\/index.php?rest_route=%2Fwp%2Fv2%2Fcomments&post=168"}],"version-history":[{"count":116,"href":"https:\/\/www.desinger.pl\/index.php?rest_route=\/wp\/v2\/pages\/168\/revisions"}],"predecessor-version":[{"id":4131,"href":"https:\/\/www.desinger.pl\/index.php?rest_route=\/wp\/v2\/pages\/168\/revisions\/4131"}],"wp:attachment":[{"href":"https:\/\/www.desinger.pl\/index.php?rest_route=%2Fwp%2Fv2%2Fmedia&parent=168"}],"curies":[{"name":"wp","href":"https:\/\/api.w.org\/{rel}","templated":true}]}}